{"id":391,"date":"2023-07-19T14:17:09","date_gmt":"2023-07-19T13:17:09","guid":{"rendered":"https:\/\/passion.pixeltypen.de\/?page_id=391"},"modified":"2025-07-07T12:46:01","modified_gmt":"2025-07-07T11:46:01","slug":"kontakt","status":"publish","type":"page","link":"https:\/\/passion4it.de\/en\/kontakt\/","title":{"rendered":"Contact us"},"content":{"rendered":"<div data-elementor-type=\"wp-page\" data-elementor-id=\"391\" class=\"elementor elementor-391\" data-elementor-post-type=\"page\">\n\t\t\t\t<div class=\"elementor-element elementor-element-4650279 e-flex e-con-boxed e-con e-parent\" data-id=\"4650279\" data-element_type=\"container\" data-e-type=\"container\" data-settings=\"{&quot;background_background&quot;:&quot;classic&quot;}\">\n\t\t\t\t\t<div class=\"e-con-inner\">\n\t\t\t\t<div class=\"elementor-element elementor-element-5fcf8e5 elementor-widget elementor-widget-text-editor\" data-id=\"5fcf8e5\" data-element_type=\"widget\" data-e-type=\"widget\" data-widget_type=\"text-editor.default\">\n\t\t\t\t<div class=\"elementor-widget-container\">\n\t\t\t\t\t\t\t\t\t<p>Contact us<\/p>\t\t\t\t\t\t\t\t<\/div>\n\t\t\t\t<\/div>\n\t\t\t\t<div class=\"elementor-element elementor-element-bd56f54 elementor-widget elementor-widget-heading\" data-id=\"bd56f54\" data-element_type=\"widget\" data-e-type=\"widget\" data-widget_type=\"heading.default\">\n\t\t\t\t<div class=\"elementor-widget-container\">\n\t\t\t\t\t<h1 class=\"elementor-heading-title elementor-size-default\">Exchange<\/h1>\t\t\t\t<\/div>\n\t\t\t\t<\/div>\n\t\t\t\t\t<\/div>\n\t\t\t\t<\/div>\n\t\t<div class=\"elementor-element elementor-element-3f8a31f e-flex e-con-boxed e-con e-parent\" data-id=\"3f8a31f\" data-element_type=\"container\" data-e-type=\"container\">\n\t\t\t\t\t<div class=\"e-con-inner\">\n\t\t<div class=\"elementor-element elementor-element-19a3360 e-con-full e-flex e-con e-child\" data-id=\"19a3360\" data-element_type=\"container\" data-e-type=\"container\">\n\t\t\t\t<div class=\"elementor-element elementor-element-b312092 elementor-widget elementor-widget-heading\" data-id=\"b312092\" data-element_type=\"widget\" data-e-type=\"widget\" data-widget_type=\"heading.default\">\n\t\t\t\t<div class=\"elementor-widget-container\">\n\t\t\t\t\t<h3 class=\"elementor-heading-title elementor-size-default\">Outlook? Insight? Questions?<br>\nLet's get personal.<\/h3>\t\t\t\t<\/div>\n\t\t\t\t<\/div>\n\t\t\t\t<div class=\"elementor-element elementor-element-21ac651 elementor-widget elementor-widget-text-editor\" data-id=\"21ac651\" data-element_type=\"widget\" data-e-type=\"widget\" data-widget_type=\"text-editor.default\">\n\t\t\t\t<div class=\"elementor-widget-container\">\n\t\t\t\t\t\t\t\t\t<p><span dir=\"ltr\" role=\"presentation\">You've learned a lot about us on our website. But we have not yet learned anything about <\/span><br role=\"presentation\" \/><span dir=\"ltr\" role=\"presentation\">you. So write to us about what moves you, what questions are on your mind or <\/span><br role=\"presentation\" \/><span dir=\"ltr\" role=\"presentation\">what else you want to know about us!<\/span><\/p>\t\t\t\t\t\t\t\t<\/div>\n\t\t\t\t<\/div>\n\t\t\t\t<\/div>\n\t\t<div class=\"elementor-element elementor-element-5788218 e-flex e-con-boxed e-con e-child\" data-id=\"5788218\" data-element_type=\"container\" data-e-type=\"container\">\n\t\t\t\t\t<div class=\"e-con-inner\">\n\t\t\t\t\t<\/div>\n\t\t\t\t<\/div>\n\t\t\t\t\t<\/div>\n\t\t\t\t<\/div>\n\t\t<div class=\"elementor-element elementor-element-3b9764d e-flex e-con-boxed e-con e-parent\" data-id=\"3b9764d\" data-element_type=\"container\" data-e-type=\"container\">\n\t\t\t\t\t<div class=\"e-con-inner\">\n\t\t\t\t<div class=\"elementor-element elementor-element-df9ff02 elementor-widget elementor-widget-html\" data-id=\"df9ff02\" data-element_type=\"widget\" data-e-type=\"widget\" data-widget_type=\"html.default\">\n\t\t\t\t<div class=\"elementor-widget-container\">\n\t\t\t\t\t<script charset=\"utf-8\" type=\"text\/javascript\" src=\"\/\/js.hsforms.net\/forms\/v2.js?pre=1\"><\/script>\n\n<script>\nhbspt.forms.create({\nregion: \"na1\",\nportalId: \"9371583\",\n\nformId: \"22dcc253-fb85-4547-8c59-415557fb4197\"\n\n});\n\n<\/script>\n\n\n\t\t\t\t<\/div>\n\t\t\t\t<\/div>\n\t\t\t\t\t<\/div>\n\t\t\t\t<\/div>\n\t\t\t\t<\/div>","protected":false},"excerpt":{"rendered":"<p>Contact Exchange Outlook? Insight? Questions? Let's get personal. You've learned a lot about us on our website. But we still don't know anything about you. So tell us what moves you, what questions are on your mind or what else you want to know about us!<\/p>","protected":false},"author":3,"featured_media":0,"parent":0,"menu_order":0,"comment_status":"closed","ping_status":"closed","template":"","meta":{"_acf_changed":false,"ocean_post_layout":"","ocean_both_sidebars_style":"","ocean_both_sidebars_content_width":0,"ocean_both_sidebars_sidebars_width":0,"ocean_sidebar":"0","ocean_second_sidebar":"0","ocean_disable_margins":"enable","ocean_add_body_class":"","ocean_shortcode_before_top_bar":"","ocean_shortcode_after_top_bar":"","ocean_shortcode_before_header":"","ocean_shortcode_after_header":"","ocean_has_shortcode":"","ocean_shortcode_after_title":"","ocean_shortcode_before_footer_widgets":"","ocean_shortcode_after_footer_widgets":"","ocean_shortcode_before_footer_bottom":"","ocean_shortcode_after_footer_bottom":"","ocean_display_top_bar":"default","ocean_display_header":"default","ocean_header_style":"","ocean_center_header_left_menu":"0","ocean_custom_header_template":"0","ocean_custom_logo":0,"ocean_custom_retina_logo":0,"ocean_custom_logo_max_width":0,"ocean_custom_logo_tablet_max_width":0,"ocean_custom_logo_mobile_max_width":0,"ocean_custom_logo_max_height":0,"ocean_custom_logo_tablet_max_height":0,"ocean_custom_logo_mobile_max_height":0,"ocean_header_custom_menu":"0","ocean_menu_typo_font_family":"0","ocean_menu_typo_font_subset":"","ocean_menu_typo_font_size":0,"ocean_menu_typo_font_size_tablet":0,"ocean_menu_typo_font_size_mobile":0,"ocean_menu_typo_font_size_unit":"px","ocean_menu_typo_font_weight":"","ocean_menu_typo_font_weight_tablet":"","ocean_menu_typo_font_weight_mobile":"","ocean_menu_typo_transform":"","ocean_menu_typo_transform_tablet":"","ocean_menu_typo_transform_mobile":"","ocean_menu_typo_line_height":0,"ocean_menu_typo_line_height_tablet":0,"ocean_menu_typo_line_height_mobile":0,"ocean_menu_typo_line_height_unit":"","ocean_menu_typo_spacing":0,"ocean_menu_typo_spacing_tablet":0,"ocean_menu_typo_spacing_mobile":0,"ocean_menu_typo_spacing_unit":"","ocean_menu_link_color":"","ocean_menu_link_color_hover":"","ocean_menu_link_color_active":"","ocean_menu_link_background":"","ocean_menu_link_hover_background":"","ocean_menu_link_active_background":"","ocean_menu_social_links_bg":"","ocean_menu_social_hover_links_bg":"","ocean_menu_social_links_color":"","ocean_menu_social_hover_links_color":"","ocean_disable_title":"default","ocean_disable_heading":"default","ocean_post_title":"","ocean_post_subheading":"","ocean_post_title_style":"","ocean_post_title_background_color":"","ocean_post_title_background":0,"ocean_post_title_bg_image_position":"","ocean_post_title_bg_image_attachment":"","ocean_post_title_bg_image_repeat":"","ocean_post_title_bg_image_size":"","ocean_post_title_height":0,"ocean_post_title_bg_overlay":0.5,"ocean_post_title_bg_overlay_color":"","ocean_disable_breadcrumbs":"default","ocean_breadcrumbs_color":"","ocean_breadcrumbs_separator_color":"","ocean_breadcrumbs_links_color":"","ocean_breadcrumbs_links_hover_color":"","ocean_display_footer_widgets":"default","ocean_display_footer_bottom":"default","ocean_custom_footer_template":"0","footnotes":"","_links_to":"","_links_to_target":""},"class_list":["post-391","page","type-page","status-publish","hentry","entry"],"acf":[],"yoast_head":"<!-- This site is optimized with the Yoast SEO plugin v27.5 - https:\/\/yoast.com\/product\/yoast-seo-wordpress\/ -->\n<title>Kontakt - Passion4IT<\/title>\n<meta name=\"robots\" content=\"index, follow, max-snippet:-1, max-image-preview:large, max-video-preview:-1\" \/>\n<link rel=\"canonical\" href=\"https:\/\/passion4it.de\/en\/kontakt\/\" \/>\n<meta property=\"og:locale\" content=\"en_US\" \/>\n<meta property=\"og:type\" content=\"article\" \/>\n<meta property=\"og:title\" content=\"Kontakt - Passion4IT\" \/>\n<meta property=\"og:description\" content=\"Kontakt Austausch Ausblick? Einblick? Fragen? Lass uns pers\u00f6nlich werden. Auf unserer Website hast du viel \u00fcber uns erfahren. Wir aber noch nichts \u00fcber dich. Schreib uns deshalb, was dich bewegt, welche Fragen dich umtreiben oder was du noch \u00fcber uns wissen willst!\" \/>\n<meta property=\"og:url\" content=\"https:\/\/passion4it.de\/en\/kontakt\/\" \/>\n<meta property=\"og:site_name\" content=\"Passion4IT\" \/>\n<meta property=\"article:publisher\" content=\"https:\/\/www.facebook.com\/PASSION4ITGmbH\/?locale=de_DE\" \/>\n<meta property=\"article:modified_time\" content=\"2025-07-07T11:46:01+00:00\" \/>\n<meta property=\"og:image\" content=\"https:\/\/passion4it.de\/wp-content\/uploads\/2023\/08\/pixeltypen-passion4it-230616-7132.jpg\" \/>\n\t<meta property=\"og:image:width\" content=\"2200\" \/>\n\t<meta property=\"og:image:height\" content=\"1467\" \/>\n\t<meta property=\"og:image:type\" content=\"image\/jpeg\" \/>\n<meta name=\"twitter:card\" content=\"summary_large_image\" \/>\n<meta name=\"twitter:label1\" content=\"Est. reading time\" \/>\n\t<meta name=\"twitter:data1\" content=\"1 minute\" \/>\n<script type=\"application\/ld+json\" class=\"yoast-schema-graph\">{\"@context\":\"https:\\\/\\\/schema.org\",\"@graph\":[{\"@type\":\"WebPage\",\"@id\":\"https:\\\/\\\/passion4it.de\\\/kontakt\\\/\",\"url\":\"https:\\\/\\\/passion4it.de\\\/kontakt\\\/\",\"name\":\"Kontakt - Passion4IT\",\"isPartOf\":{\"@id\":\"https:\\\/\\\/passion4it.de\\\/#website\"},\"datePublished\":\"2023-07-19T13:17:09+00:00\",\"dateModified\":\"2025-07-07T11:46:01+00:00\",\"breadcrumb\":{\"@id\":\"https:\\\/\\\/passion4it.de\\\/kontakt\\\/#breadcrumb\"},\"inLanguage\":\"en-US\",\"potentialAction\":[{\"@type\":\"ReadAction\",\"target\":[\"https:\\\/\\\/passion4it.de\\\/kontakt\\\/\"]}]},{\"@type\":\"BreadcrumbList\",\"@id\":\"https:\\\/\\\/passion4it.de\\\/kontakt\\\/#breadcrumb\",\"itemListElement\":[{\"@type\":\"ListItem\",\"position\":1,\"name\":\"Startseite\",\"item\":\"https:\\\/\\\/passion4it.de\\\/\"},{\"@type\":\"ListItem\",\"position\":2,\"name\":\"Kontakt\"}]},{\"@type\":\"WebSite\",\"@id\":\"https:\\\/\\\/passion4it.de\\\/#website\",\"url\":\"https:\\\/\\\/passion4it.de\\\/\",\"name\":\"Passion4IT - Deine digitalen Bergf\u00fchrer\",\"description\":\"Mit dem Digital Mindset und einer individuellen Digitalstrategie in eine erfolgreiche Zukunft.\",\"publisher\":{\"@id\":\"https:\\\/\\\/passion4it.de\\\/#organization\"},\"alternateName\":\"Passion4IT - Dein Digitalisierungsberater\",\"potentialAction\":[{\"@type\":\"SearchAction\",\"target\":{\"@type\":\"EntryPoint\",\"urlTemplate\":\"https:\\\/\\\/passion4it.de\\\/?s={search_term_string}\"},\"query-input\":{\"@type\":\"PropertyValueSpecification\",\"valueRequired\":true,\"valueName\":\"search_term_string\"}}],\"inLanguage\":\"en-US\"},{\"@type\":\"Organization\",\"@id\":\"https:\\\/\\\/passion4it.de\\\/#organization\",\"name\":\"Passion4IT GmbH\",\"url\":\"https:\\\/\\\/passion4it.de\\\/\",\"logo\":{\"@type\":\"ImageObject\",\"inLanguage\":\"en-US\",\"@id\":\"https:\\\/\\\/passion4it.de\\\/#\\\/schema\\\/logo\\\/image\\\/\",\"url\":\"https:\\\/\\\/passion4it.de\\\/wp-content\\\/uploads\\\/2023\\\/07\\\/passion4it-logo-blue.svg\",\"contentUrl\":\"https:\\\/\\\/passion4it.de\\\/wp-content\\\/uploads\\\/2023\\\/07\\\/passion4it-logo-blue.svg\",\"width\":286,\"height\":48,\"caption\":\"Passion4IT GmbH\"},\"image\":{\"@id\":\"https:\\\/\\\/passion4it.de\\\/#\\\/schema\\\/logo\\\/image\\\/\"},\"sameAs\":[\"https:\\\/\\\/www.facebook.com\\\/PASSION4ITGmbH\\\/?locale=de_DE\",\"https:\\\/\\\/www.linkedin.com\\\/company\\\/passion4it-ug\",\"https:\\\/\\\/www.youtube.com\\\/channel\\\/UCGD7G3-oLg3320Br_sQbSMQ?cbrd=1&themeRefresh=1\"]}]}<\/script>\n<!-- \/ Yoast SEO plugin. -->","yoast_head_json":{"title":"Contact - Passion4IT","robots":{"index":"index","follow":"follow","max-snippet":"max-snippet:-1","max-image-preview":"max-image-preview:large","max-video-preview":"max-video-preview:-1"},"canonical":"https:\/\/passion4it.de\/en\/kontakt\/","og_locale":"en_US","og_type":"article","og_title":"Kontakt - Passion4IT","og_description":"Kontakt Austausch Ausblick? Einblick? Fragen? Lass uns pers\u00f6nlich werden. Auf unserer Website hast du viel \u00fcber uns erfahren. Wir aber noch nichts \u00fcber dich. Schreib uns deshalb, was dich bewegt, welche Fragen dich umtreiben oder was du noch \u00fcber uns wissen willst!","og_url":"https:\/\/passion4it.de\/en\/kontakt\/","og_site_name":"Passion4IT","article_publisher":"https:\/\/www.facebook.com\/PASSION4ITGmbH\/?locale=de_DE","article_modified_time":"2025-07-07T11:46:01+00:00","og_image":[{"width":2200,"height":1467,"url":"https:\/\/passion4it.de\/wp-content\/uploads\/2023\/08\/pixeltypen-passion4it-230616-7132.jpg","type":"image\/jpeg"}],"twitter_card":"summary_large_image","twitter_misc":{"Est. reading time":"1 minute"},"schema":{"@context":"https:\/\/schema.org","@graph":[{"@type":"WebPage","@id":"https:\/\/passion4it.de\/kontakt\/","url":"https:\/\/passion4it.de\/kontakt\/","name":"Contact - Passion4IT","isPartOf":{"@id":"https:\/\/passion4it.de\/#website"},"datePublished":"2023-07-19T13:17:09+00:00","dateModified":"2025-07-07T11:46:01+00:00","breadcrumb":{"@id":"https:\/\/passion4it.de\/kontakt\/#breadcrumb"},"inLanguage":"en-US","potentialAction":[{"@type":"ReadAction","target":["https:\/\/passion4it.de\/kontakt\/"]}]},{"@type":"BreadcrumbList","@id":"https:\/\/passion4it.de\/kontakt\/#breadcrumb","itemListElement":[{"@type":"ListItem","position":1,"name":"Startseite","item":"https:\/\/passion4it.de\/"},{"@type":"ListItem","position":2,"name":"Kontakt"}]},{"@type":"WebSite","@id":"https:\/\/passion4it.de\/#website","url":"https:\/\/passion4it.de\/","name":"Passion4IT - Your digital mountain guides","description":"With the digital mindset and an individual digital strategy into a successful future.","publisher":{"@id":"https:\/\/passion4it.de\/#organization"},"alternateName":"Passion4IT - Dein Digitalisierungsberater","potentialAction":[{"@type":"SearchAction","target":{"@type":"EntryPoint","urlTemplate":"https:\/\/passion4it.de\/?s={search_term_string}"},"query-input":{"@type":"PropertyValueSpecification","valueRequired":true,"valueName":"search_term_string"}}],"inLanguage":"en-US"},{"@type":"Organization","@id":"https:\/\/passion4it.de\/#organization","name":"Passion4IT GmbH","url":"https:\/\/passion4it.de\/","logo":{"@type":"ImageObject","inLanguage":"en-US","@id":"https:\/\/passion4it.de\/#\/schema\/logo\/image\/","url":"https:\/\/passion4it.de\/wp-content\/uploads\/2023\/07\/passion4it-logo-blue.svg","contentUrl":"https:\/\/passion4it.de\/wp-content\/uploads\/2023\/07\/passion4it-logo-blue.svg","width":286,"height":48,"caption":"Passion4IT GmbH"},"image":{"@id":"https:\/\/passion4it.de\/#\/schema\/logo\/image\/"},"sameAs":["https:\/\/www.facebook.com\/PASSION4ITGmbH\/?locale=de_DE","https:\/\/www.linkedin.com\/company\/passion4it-ug","https:\/\/www.youtube.com\/channel\/UCGD7G3-oLg3320Br_sQbSMQ?cbrd=1&themeRefresh=1"]}]}},"_links":{"self":[{"href":"https:\/\/passion4it.de\/en\/wp-json\/wp\/v2\/pages\/391","targetHints":{"allow":["GET"]}}],"collection":[{"href":"https:\/\/passion4it.de\/en\/wp-json\/wp\/v2\/pages"}],"about":[{"href":"https:\/\/passion4it.de\/en\/wp-json\/wp\/v2\/types\/page"}],"author":[{"embeddable":true,"href":"https:\/\/passion4it.de\/en\/wp-json\/wp\/v2\/users\/3"}],"replies":[{"embeddable":true,"href":"https:\/\/passion4it.de\/en\/wp-json\/wp\/v2\/comments?post=391"}],"version-history":[{"count":19,"href":"https:\/\/passion4it.de\/en\/wp-json\/wp\/v2\/pages\/391\/revisions"}],"predecessor-version":[{"id":6827,"href":"https:\/\/passion4it.de\/en\/wp-json\/wp\/v2\/pages\/391\/revisions\/6827"}],"wp:attachment":[{"href":"https:\/\/passion4it.de\/en\/wp-json\/wp\/v2\/media?parent=391"}],"curies":[{"name":"wp","href":"https:\/\/api.w.org\/{rel}","templated":true}]}}